{"id":2216,"date":"2020-02-28T11:47:30","date_gmt":"2020-02-28T10:47:30","guid":{"rendered":"https:\/\/dellacasareti.wp-stage.smart.it\/pannelli-modulari-rete\/"},"modified":"2020-09-23T12:05:56","modified_gmt":"2020-09-23T10:05:56","slug":"baukastenprinzip","status":"publish","type":"page","link":"https:\/\/www.dellacasa.net\/de\/baukastenprinzip\/","title":{"rendered":"Baukastenprinzip"},"content":{"rendered":"[vc_row type=&#8220;full_width_background&#8220; full_screen_row_position=&#8220;middle&#8220; column_margin=&#8220;default&#8220; scene_position=&#8220;center&#8220; text_color=&#8220;dark&#8220; text_align=&#8220;left&#8220; overlay_strength=&#8220;0.3&#8243; shape_divider_position=&#8220;bottom&#8220; bg_image_animation=&#8220;none&#8220; shape_type=&#8220;&#8220;][vc_column column_padding=&#8220;no-extra-padding&#8220; column_padding_position=&#8220;all&#8220; background_color_opacity=&#8220;1&#8243; background_hover_color_opacity=&#8220;1&#8243; column_link_target=&#8220;_self&#8220; column_shadow=&#8220;none&#8220; column_border_radius=&#8220;none&#8220; width=&#8220;1\/1&#8243; tablet_width_inherit=&#8220;default&#8220; tablet_text_alignment=&#8220;default&#8220; phone_text_alignment=&#8220;default&#8220; overlay_strength=&#8220;0.3&#8243; column_border_width=&#8220;none&#8220; column_border_style=&#8220;solid&#8220; bg_image_animation=&#8220;none&#8220;]<div  data-transition=\"slide\" data-overall_style=\"classic\" data-flexible-height=\"\" data-animate-in-effect=\"none\" data-fullscreen=\"true\" data-button-sizing=\"regular\" data-button-styling=\"btn_with_count\" data-autorotate=\"\" data-parallax=\"false\" data-parallax-disable-mobile=\"\" data-caption-trans=\"fade_in_from_bottom\" data-parallax-style=\"bg_only\" data-bg-animation=\"none\" data-full-width=\"true\" class=\"nectar-slider-wrap \" id=\"nectar-slider-instance-1\"><div class=\"swiper-container\"  data-tho=\"auto\" data-tco=\"auto\" data-pho=\"auto\" data-pco=\"auto\" data-loop=\"false\" data-height=\"650\" data-min-height=\"\" data-arrows=\"false\" data-bullets=\"false\" data-bullet_style=\"see_through\" data-bullet_position=\"bottom\" data-desktop-swipe=\"false\" data-settings=\"\"> <div class=\"swiper-wrapper\"><div class=\"swiper-slide\" data-desktop-content-width=\"auto\" data-tablet-content-width=\"auto\" data-bg-alignment=\"center\" data-color-scheme=\"light\" data-x-pos=\"centered\" data-y-pos=\"bottom\" ><div class=\"slide-bg-wrap\"><div class=\"image-bg\" style=\"background-image: url(https:\/\/www.dellacasa.net\/wp-content\/uploads\/2020\/06\/DCR-modularita-header.jpg);\"> &nbsp; <\/div><\/div><div class=\"container\">\r\n\t\t\t\t\t\t<div class=\"content\"><h2>BAUKASTENPRINZIP<\/h2><p  ><span>Der Mehrwert, der den Unterschied macht. Umlaufende Schutzz\u00e4une f\u00fcr jede Anforderung.<\/span><\/p><\/div>\r\n\t\t\t\t\t\t\t\t<\/div><!--\/container--><div class=\"video-texture \"> <span class=\"ie-fix\"><\/span> <\/div><\/div> <!--\/swiper-slide--><\/div><div class=\"nectar-slider-loading \"> <span class=\"loading-icon none\">   <\/span> <\/div> <\/div> \r\n\t\t\t\t\t\r\n\t\t\t\t\t<\/div>[\/vc_column][\/vc_row][vc_row type=&#8220;in_container&#8220; full_screen_row_position=&#8220;middle&#8220; equal_height=&#8220;yes&#8220; content_placement=&#8220;middle&#8220; column_margin=&#8220;default&#8220; scene_position=&#8220;center&#8220; text_color=&#8220;dark&#8220; text_align=&#8220;left&#8220; top_padding=&#8220;75&#8243; bottom_padding=&#8220;75&#8243; overlay_strength=&#8220;0.3&#8243; shape_divider_position=&#8220;bottom&#8220; bg_image_animation=&#8220;none&#8220; shape_type=&#8220;&#8220;][vc_column column_padding=&#8220;no-extra-padding&#8220; column_padding_position=&#8220;all&#8220; background_color_opacity=&#8220;1&#8243; background_hover_color_opacity=&#8220;1&#8243; column_link_target=&#8220;_self&#8220; column_shadow=&#8220;none&#8220; column_border_radius=&#8220;none&#8220; width=&#8220;1\/2&#8243; tablet_width_inherit=&#8220;default&#8220; tablet_text_alignment=&#8220;default&#8220; phone_text_alignment=&#8220;default&#8220; overlay_strength=&#8220;0.3&#8243; column_border_width=&#8220;none&#8220; column_border_style=&#8220;solid&#8220; bg_image_animation=&#8220;none&#8220;][nectar_image_with_hotspots image=&#8220;436&#8243; preview=&#8220;https:\/\/dellacasareti.wp-stage.smart.it\/wp-content\/uploads\/2020\/02\/interscambio-prodotti.jpg&#8220; color_1=&#8220;Accent-Color&#8220; hotspot_icon=&#8220;plus_sign&#8220; tooltip=&#8220;click&#8220; tooltip_shadow=&#8220;none&#8220;][nectar_hotspot left=&#8220;30.3142%&#8220; top=&#8220;11.6418%&#8220; position=&#8220;top&#8220;]<a href=\"\/de\/easy-barrier-klassik\">EASY BARRIER KLASSIK<\/a>[\/nectar_hotspot][nectar_hotspot left=&#8220;7.7634%&#8220; top=&#8220;50.4478%&#8220; position=&#8220;top&#8220;]<a href=\"\/de\/easy-barrier-krt\">EASY BARRIER KRT <\/a>[\/nectar_hotspot][nectar_hotspot left=&#8220;60.6285%&#8220; top=&#8220;89.5522%&#8220; position=&#8220;top&#8220;]<a href=\"\/de\/easy-barrier-hd\">EASY BARRIER HD<\/a>[\/nectar_hotspot][nectar_hotspot left=&#8220;89.0943%&#8220; top=&#8220;67.0149%&#8220; position=&#8220;top&#8220;]<a href=\"\/de\/easy-barrier-lamiera\/\">EASY BARRIER LAMIERA<\/a>[\/nectar_hotspot][\/nectar_image_with_hotspots][\/vc_column][vc_column column_padding=&#8220;no-extra-padding&#8220; column_padding_position=&#8220;all&#8220; background_color_opacity=&#8220;1&#8243; background_hover_color_opacity=&#8220;1&#8243; column_link_target=&#8220;_self&#8220; column_shadow=&#8220;none&#8220; column_border_radius=&#8220;none&#8220; width=&#8220;1\/2&#8243; tablet_width_inherit=&#8220;default&#8220; tablet_text_alignment=&#8220;right&#8220; phone_text_alignment=&#8220;left&#8220; overlay_strength=&#8220;0.3&#8243; column_border_width=&#8220;none&#8220; column_border_style=&#8220;solid&#8220; bg_image_animation=&#8220;none&#8220;][vc_column_text]\n<h2><strong>AUSTAUSCHBARKEIT DER PRODUKTE<\/strong><\/h2>\n<p class=\"testo-inevidenza\">Alle unsere <strong>Gitter-Module<\/strong> sind so gebaut, dass sie jederzeit <strong>leicht untereinander <\/strong><strong>ausgetauscht werden k\u00f6nnen<\/strong>.<\/p>\n<p>Das Baukastenprinzip ist ein Grundpfeiler unseres Angebots: Damit sind wir in der Lage, dort, wo es die Vorschriften vorsehen, ein Modul mit engeren Maschen einzubauen, und haben letztendlich ein gesamtheitlich \u00e4sthetisches Ergebnis. Das <strong>Baukastenprinzip ist eine wertvolle Komponente<\/strong>, insbesondere bei der Montage, <strong>wenn m\u00f6gliche Varianten des urspr\u00fcnglichen Projekts<\/strong> <strong>umzusetzen sind<\/strong>. Mit Della Casa Reti ist <strong>die richtige L\u00f6sung einfach, effizient und sofort durchf\u00fchrbar<\/strong>.[\/vc_column_text][\/vc_column][\/vc_row][vc_row type=&#8220;full_width_background&#8220; full_screen_row_position=&#8220;middle&#8220; equal_height=&#8220;yes&#8220; content_placement=&#8220;middle&#8220; column_margin=&#8220;default&#8220; bg_color=&#8220;#bacadd&#8220; scene_position=&#8220;center&#8220; text_color=&#8220;dark&#8220; text_align=&#8220;left&#8220; top_padding=&#8220;75&#8243; bottom_padding=&#8220;75&#8243; overlay_strength=&#8220;0.3&#8243; shape_divider_position=&#8220;bottom&#8220; bg_image_animation=&#8220;none&#8220; shape_type=&#8220;&#8220;][vc_column column_padding=&#8220;no-extra-padding&#8220; column_padding_position=&#8220;all&#8220; background_color_opacity=&#8220;1&#8243; background_hover_color_opacity=&#8220;1&#8243; column_link_target=&#8220;_self&#8220; column_shadow=&#8220;none&#8220; column_border_radius=&#8220;none&#8220; el_class=&#8220;blu&#8220; width=&#8220;1\/2&#8243; tablet_width_inherit=&#8220;default&#8220; tablet_text_alignment=&#8220;default&#8220; phone_text_alignment=&#8220;default&#8220; overlay_strength=&#8220;0.3&#8243; column_border_width=&#8220;none&#8220; column_border_style=&#8220;solid&#8220; bg_image_animation=&#8220;none&#8220;][vc_column_text]\n<h2><strong>VERSCHIEDENE H\u00d6HEN M\u00d6GLICH<\/strong><\/h2>\n<p><strong>Neben den Schutzz\u00e4unen in Standardh\u00f6hen <\/strong>H= 2000 und H= 2500, <strong>liefern wir auf Anfrage Schutzpaneele mit anderen H\u00f6hen<\/strong>, darunter H=1400, H=2700, H=3000 (mit Montagepfosten 80&#215;80). F\u00fcr besondere Anforderungen vonseiten des Kunden k\u00f6nnen wir auch personalisierte L\u00f6sungen planen.[\/vc_column_text][\/vc_column][vc_column column_padding=&#8220;no-extra-padding&#8220; column_padding_position=&#8220;all&#8220; background_color_opacity=&#8220;1&#8243; background_hover_color_opacity=&#8220;1&#8243; column_link_target=&#8220;_self&#8220; column_shadow=&#8220;none&#8220; column_border_radius=&#8220;none&#8220; width=&#8220;1\/2&#8243; tablet_width_inherit=&#8220;default&#8220; tablet_text_alignment=&#8220;default&#8220; phone_text_alignment=&#8220;default&#8220; overlay_strength=&#8220;0.3&#8243; column_border_width=&#8220;none&#8220; column_border_style=&#8220;solid&#8220; bg_image_animation=&#8220;none&#8220;][image_with_animation image_url=&#8220;1294&#8243; alignment=&#8220;&#8220; animation=&#8220;Fade In&#8220; hover_animation=&#8220;none&#8220; border_radius=&#8220;none&#8220; box_shadow=&#8220;none&#8220; image_loading=&#8220;default&#8220; max_width=&#8220;100%&#8220; max_width_mobile=&#8220;default&#8220;][\/vc_column][\/vc_row][vc_row type=&#8220;in_container&#8220; full_screen_row_position=&#8220;middle&#8220; equal_height=&#8220;yes&#8220; content_placement=&#8220;middle&#8220; column_margin=&#8220;default&#8220; scene_position=&#8220;center&#8220; text_color=&#8220;dark&#8220; text_align=&#8220;left&#8220; top_padding=&#8220;75&#8243; bottom_padding=&#8220;45&#8243; overlay_strength=&#8220;0.3&#8243; shape_divider_position=&#8220;bottom&#8220; bg_image_animation=&#8220;none&#8220; shape_type=&#8220;&#8220;][vc_column column_padding=&#8220;no-extra-padding&#8220; column_padding_position=&#8220;all&#8220; background_color_opacity=&#8220;1&#8243; background_hover_color_opacity=&#8220;1&#8243; column_link_target=&#8220;_self&#8220; column_shadow=&#8220;none&#8220; column_border_radius=&#8220;none&#8220; width=&#8220;1\/2&#8243; tablet_width_inherit=&#8220;default&#8220; tablet_text_alignment=&#8220;default&#8220; phone_text_alignment=&#8220;default&#8220; overlay_strength=&#8220;0.3&#8243; column_border_width=&#8220;none&#8220; column_border_style=&#8220;solid&#8220; bg_image_animation=&#8220;none&#8220;][nectar_video_lightbox link_style=&#8220;play_button_2&#8243; nectar_play_button_color=&#8220;Default-Accent-Color&#8220; image_url=&#8220;1948&#8243; hover_effect=&#8220;defaut&#8220; box_shadow=&#8220;none&#8220; border_radius=&#8220;none&#8220; play_button_size=&#8220;default&#8220; video_url=&#8220;\/wp-content\/uploads\/2020\/07\/DCR_prodotti-fessibilita-taglio_def.mp4&#8243;][\/vc_column][vc_column column_padding=&#8220;no-extra-padding&#8220; column_padding_position=&#8220;all&#8220; background_color_opacity=&#8220;1&#8243; background_hover_color_opacity=&#8220;1&#8243; column_link_target=&#8220;_self&#8220; column_shadow=&#8220;none&#8220; column_border_radius=&#8220;none&#8220; width=&#8220;1\/2&#8243; tablet_width_inherit=&#8220;default&#8220; tablet_text_alignment=&#8220;default&#8220; phone_text_alignment=&#8220;default&#8220; overlay_strength=&#8220;0.3&#8243; column_border_width=&#8220;none&#8220; column_border_style=&#8220;solid&#8220; bg_image_animation=&#8220;none&#8220;][vc_column_text]\n<h2><strong>GRO\u1e9eE ANPASSBARKEIT BEI DER MONTAGE<\/strong><\/h2>\n<p><strong>Durch die fehlenden Rahmenbauten,<\/strong> Grundeigenschaft der Module der Familie EASY BARRIER, <strong>lassen diese sich schnell und leicht zuschneiden<\/strong>, um die Breite an die vorhandenen Bedingungen anzupassen. Durch Zuschneiden und Formen k\u00f6nnen Durchg\u00e4nge f\u00fcr F\u00f6rdersysteme gew\u00e4hrt, der Maschinenform entsprochen und Hindernisse umgangen werden.<\/p>\n<p>Mit den Gittern EASY BARRIER lassen sich <strong>vor Ort<\/strong> <strong>unvorhergesehene Situationen l\u00f6sen und \u00c4nderungen vornehmen, die zum Zeitpunkt der Montage<\/strong> <strong>beschlossen werden<\/strong>.[\/vc_column_text][\/vc_column][\/vc_row]\n","protected":false},"excerpt":{"rendered":"<p>[vc_row type=&#8220;full_width_background&#8220; full_screen_row_position=&#8220;middle&#8220; column_margin=&#8220;default&#8220; scene_position=&#8220;center&#8220; text_color=&#8220;dark&#8220; text_align=&#8220;left&#8220; overlay_strength=&#8220;0.3&#8243; shape_divider_position=&#8220;bottom&#8220; bg_image_animation=&#8220;none&#8220; shape_type=&#8220;&#8220;][vc_column column_padding=&#8220;no-extra-padding&#8220; column_padding_position=&#8220;all&#8220; background_color_opacity=&#8220;1&#8243; background_hover_color_opacity=&#8220;1&#8243; column_link_target=&#8220;_self&#8220; column_shadow=&#8220;none&#8220; column_border_radius=&#8220;none&#8220; width=&#8220;1\/1&#8243; tablet_width_inherit=&#8220;default&#8220; tablet_text_alignment=&#8220;default&#8220; phone_text_alignment=&#8220;default&#8220; overlay_strength=&#8220;0.3&#8243; column_border_width=&#8220;none&#8220; column_border_style=&#8220;solid&#8220; bg_image_animation=&#8220;none&#8220;][\/vc_column][\/vc_row][vc_row type=&#8220;in_container&#8220; full_screen_row_position=&#8220;middle&#8220; equal_height=&#8220;yes&#8220; content_placement=&#8220;middle&#8220;&#8230;<\/p>\n","protected":false},"author":1,"featured_media":0,"parent":0,"menu_order":0,"comment_status":"closed","ping_status":"closed","template":"","meta":{"footnotes":""},"class_list":["post-2216","page","type-page","status-publish"],"yoast_head":"<!-- This site is optimized with the Yoast SEO Premium plugin v19.5 (Yoast SEO v27.3) - https:\/\/yoast.com\/product\/yoast-seo-premium-wordpress\/ -->\n<title>Baukastenprinzip - Della Casa Reti<\/title>\n<meta name=\"robots\" content=\"index, follow, max-snippet:-1, max-image-preview:large, max-video-preview:-1\" \/>\n<link rel=\"canonical\" href=\"https:\/\/www.dellacasa.net\/de\/baukastenprinzip\/\" \/>\n<meta property=\"og:locale\" content=\"de_DE\" \/>\n<meta property=\"og:type\" content=\"article\" \/>\n<meta property=\"og:title\" content=\"Baukastenprinzip\" \/>\n<meta property=\"og:description\" content=\"EASY BARRIER KLASSIKEASY BARRIER KRT EASY BARRIER HDEASY BARRIER LAMIERA AUSTAUSCHBARKEIT DER PRODUKTE Alle unsere Gitter-Module sind so gebaut, dass sie\" \/>\n<meta property=\"og:url\" content=\"https:\/\/www.dellacasa.net\/de\/baukastenprinzip\/\" \/>\n<meta property=\"og:site_name\" content=\"Della Casa Reti\" \/>\n<meta property=\"article:modified_time\" content=\"2020-09-23T10:05:56+00:00\" \/>\n<meta name=\"twitter:card\" content=\"summary_large_image\" \/>\n<meta name=\"twitter:label1\" content=\"Gesch\u00e4tzte Lesezeit\" \/>\n\t<meta name=\"twitter:data1\" content=\"5\u00a0Minuten\" \/>\n<script type=\"application\/ld+json\" class=\"yoast-schema-graph\">{\"@context\":\"https:\\\/\\\/schema.org\",\"@graph\":[{\"@type\":\"WebPage\",\"@id\":\"https:\\\/\\\/www.dellacasa.net\\\/de\\\/baukastenprinzip\\\/\",\"url\":\"https:\\\/\\\/www.dellacasa.net\\\/de\\\/baukastenprinzip\\\/\",\"name\":\"Baukastenprinzip - Della Casa Reti\",\"isPartOf\":{\"@id\":\"https:\\\/\\\/www.dellacasa.net\\\/de\\\/#website\"},\"datePublished\":\"2020-02-28T10:47:30+00:00\",\"dateModified\":\"2020-09-23T10:05:56+00:00\",\"breadcrumb\":{\"@id\":\"https:\\\/\\\/www.dellacasa.net\\\/de\\\/baukastenprinzip\\\/#breadcrumb\"},\"inLanguage\":\"de\",\"potentialAction\":[{\"@type\":\"ReadAction\",\"target\":[\"https:\\\/\\\/www.dellacasa.net\\\/de\\\/baukastenprinzip\\\/\"]}]},{\"@type\":\"BreadcrumbList\",\"@id\":\"https:\\\/\\\/www.dellacasa.net\\\/de\\\/baukastenprinzip\\\/#breadcrumb\",\"itemListElement\":[{\"@type\":\"ListItem\",\"position\":1,\"name\":\"Home\",\"item\":\"https:\\\/\\\/www.dellacasa.net\\\/de\\\/\"},{\"@type\":\"ListItem\",\"position\":2,\"name\":\"Baukastenprinzip\"}]},{\"@type\":\"WebSite\",\"@id\":\"https:\\\/\\\/www.dellacasa.net\\\/de\\\/#website\",\"url\":\"https:\\\/\\\/www.dellacasa.net\\\/de\\\/\",\"name\":\"Della Casa Reti\",\"description\":\"Recinzioni di sicurezza e protezioni perimetrali in rete metallica\",\"publisher\":{\"@id\":\"https:\\\/\\\/www.dellacasa.net\\\/de\\\/#organization\"},\"potentialAction\":[{\"@type\":\"SearchAction\",\"target\":{\"@type\":\"EntryPoint\",\"urlTemplate\":\"https:\\\/\\\/www.dellacasa.net\\\/de\\\/?s={search_term_string}\"},\"query-input\":{\"@type\":\"PropertyValueSpecification\",\"valueRequired\":true,\"valueName\":\"search_term_string\"}}],\"inLanguage\":\"de\"},{\"@type\":\"Organization\",\"@id\":\"https:\\\/\\\/www.dellacasa.net\\\/de\\\/#organization\",\"name\":\"Della Casa Reti\",\"url\":\"https:\\\/\\\/www.dellacasa.net\\\/de\\\/\",\"logo\":{\"@type\":\"ImageObject\",\"inLanguage\":\"de\",\"@id\":\"https:\\\/\\\/www.dellacasa.net\\\/de\\\/#\\\/schema\\\/logo\\\/image\\\/\",\"url\":\"https:\\\/\\\/www.dellacasa.net\\\/wp-content\\\/uploads\\\/2020\\\/05\\\/logo-della-casa-reti.png\",\"contentUrl\":\"https:\\\/\\\/www.dellacasa.net\\\/wp-content\\\/uploads\\\/2020\\\/05\\\/logo-della-casa-reti.png\",\"width\":245,\"height\":115,\"caption\":\"Della Casa Reti\"},\"image\":{\"@id\":\"https:\\\/\\\/www.dellacasa.net\\\/de\\\/#\\\/schema\\\/logo\\\/image\\\/\"}}]}<\/script>\n<!-- \/ Yoast SEO Premium plugin. -->","yoast_head_json":{"title":"Baukastenprinzip - Della Casa Reti","robots":{"index":"index","follow":"follow","max-snippet":"max-snippet:-1","max-image-preview":"max-image-preview:large","max-video-preview":"max-video-preview:-1"},"canonical":"https:\/\/www.dellacasa.net\/de\/baukastenprinzip\/","og_locale":"de_DE","og_type":"article","og_title":"Baukastenprinzip","og_description":"EASY BARRIER KLASSIKEASY BARRIER KRT EASY BARRIER HDEASY BARRIER LAMIERA AUSTAUSCHBARKEIT DER PRODUKTE Alle unsere Gitter-Module sind so gebaut, dass sie","og_url":"https:\/\/www.dellacasa.net\/de\/baukastenprinzip\/","og_site_name":"Della Casa Reti","article_modified_time":"2020-09-23T10:05:56+00:00","twitter_card":"summary_large_image","twitter_misc":{"Gesch\u00e4tzte Lesezeit":"5\u00a0Minuten"},"schema":{"@context":"https:\/\/schema.org","@graph":[{"@type":"WebPage","@id":"https:\/\/www.dellacasa.net\/de\/baukastenprinzip\/","url":"https:\/\/www.dellacasa.net\/de\/baukastenprinzip\/","name":"Baukastenprinzip - Della Casa Reti","isPartOf":{"@id":"https:\/\/www.dellacasa.net\/de\/#website"},"datePublished":"2020-02-28T10:47:30+00:00","dateModified":"2020-09-23T10:05:56+00:00","breadcrumb":{"@id":"https:\/\/www.dellacasa.net\/de\/baukastenprinzip\/#breadcrumb"},"inLanguage":"de","potentialAction":[{"@type":"ReadAction","target":["https:\/\/www.dellacasa.net\/de\/baukastenprinzip\/"]}]},{"@type":"BreadcrumbList","@id":"https:\/\/www.dellacasa.net\/de\/baukastenprinzip\/#breadcrumb","itemListElement":[{"@type":"ListItem","position":1,"name":"Home","item":"https:\/\/www.dellacasa.net\/de\/"},{"@type":"ListItem","position":2,"name":"Baukastenprinzip"}]},{"@type":"WebSite","@id":"https:\/\/www.dellacasa.net\/de\/#website","url":"https:\/\/www.dellacasa.net\/de\/","name":"Della Casa Reti","description":"Recinzioni di sicurezza e protezioni perimetrali in rete metallica","publisher":{"@id":"https:\/\/www.dellacasa.net\/de\/#organization"},"potentialAction":[{"@type":"SearchAction","target":{"@type":"EntryPoint","urlTemplate":"https:\/\/www.dellacasa.net\/de\/?s={search_term_string}"},"query-input":{"@type":"PropertyValueSpecification","valueRequired":true,"valueName":"search_term_string"}}],"inLanguage":"de"},{"@type":"Organization","@id":"https:\/\/www.dellacasa.net\/de\/#organization","name":"Della Casa Reti","url":"https:\/\/www.dellacasa.net\/de\/","logo":{"@type":"ImageObject","inLanguage":"de","@id":"https:\/\/www.dellacasa.net\/de\/#\/schema\/logo\/image\/","url":"https:\/\/www.dellacasa.net\/wp-content\/uploads\/2020\/05\/logo-della-casa-reti.png","contentUrl":"https:\/\/www.dellacasa.net\/wp-content\/uploads\/2020\/05\/logo-della-casa-reti.png","width":245,"height":115,"caption":"Della Casa Reti"},"image":{"@id":"https:\/\/www.dellacasa.net\/de\/#\/schema\/logo\/image\/"}}]}},"_links":{"self":[{"href":"https:\/\/www.dellacasa.net\/de\/wp-json\/wp\/v2\/pages\/2216","targetHints":{"allow":["GET"]}}],"collection":[{"href":"https:\/\/www.dellacasa.net\/de\/wp-json\/wp\/v2\/pages"}],"about":[{"href":"https:\/\/www.dellacasa.net\/de\/wp-json\/wp\/v2\/types\/page"}],"author":[{"embeddable":true,"href":"https:\/\/www.dellacasa.net\/de\/wp-json\/wp\/v2\/users\/1"}],"replies":[{"embeddable":true,"href":"https:\/\/www.dellacasa.net\/de\/wp-json\/wp\/v2\/comments?post=2216"}],"version-history":[{"count":0,"href":"https:\/\/www.dellacasa.net\/de\/wp-json\/wp\/v2\/pages\/2216\/revisions"}],"wp:attachment":[{"href":"https:\/\/www.dellacasa.net\/de\/wp-json\/wp\/v2\/media?parent=2216"}],"curies":[{"name":"wp","href":"https:\/\/api.w.org\/{rel}","templated":true}]}}