{"id":2103,"date":"2020-02-27T16:23:34","date_gmt":"2020-02-27T15:23:34","guid":{"rendered":"https:\/\/dellacasareti.wp-stage.smart.it\/certificazioni\/"},"modified":"2023-09-04T17:22:39","modified_gmt":"2023-09-04T15:22:39","slug":"zertifikate","status":"publish","type":"page","link":"https:\/\/www.dellacasa.net\/de\/zertifikate\/","title":{"rendered":"Zertifikate"},"content":{"rendered":"[vc_row type=&#8220;full_width_background&#8220; full_screen_row_position=&#8220;middle&#8220; column_margin=&#8220;default&#8220; column_direction=&#8220;default&#8220; column_direction_tablet=&#8220;default&#8220; column_direction_phone=&#8220;default&#8220; scene_position=&#8220;center&#8220; text_color=&#8220;dark&#8220; text_align=&#8220;left&#8220; row_border_radius=&#8220;none&#8220; row_border_radius_applies=&#8220;bg&#8220; overlay_strength=&#8220;0.3&#8243; gradient_direction=&#8220;left_to_right&#8220; shape_divider_position=&#8220;bottom&#8220; bg_image_animation=&#8220;none&#8220; shape_type=&#8220;&#8220;][vc_column column_padding=&#8220;no-extra-padding&#8220; column_padding_tablet=&#8220;inherit&#8220; column_padding_phone=&#8220;inherit&#8220; column_padding_position=&#8220;all&#8220; background_color_opacity=&#8220;1&#8243; background_hover_color_opacity=&#8220;1&#8243; column_shadow=&#8220;none&#8220; column_border_radius=&#8220;none&#8220; column_link_target=&#8220;_self&#8220; gradient_direction=&#8220;left_to_right&#8220; overlay_strength=&#8220;0.3&#8243; width=&#8220;1\/1&#8243; tablet_width_inherit=&#8220;default&#8220; tablet_text_alignment=&#8220;default&#8220; phone_text_alignment=&#8220;default&#8220; column_border_width=&#8220;none&#8220; column_border_style=&#8220;solid&#8220; bg_image_animation=&#8220;none&#8220;]<div  data-transition=\"slide\" data-overall_style=\"classic\" data-flexible-height=\"\" data-animate-in-effect=\"none\" data-fullscreen=\"true\" data-button-sizing=\"regular\" data-button-styling=\"btn_with_count\" data-autorotate=\"\" data-parallax=\"false\" data-parallax-disable-mobile=\"\" data-caption-trans=\"fade_in_from_bottom\" data-parallax-style=\"bg_only\" data-bg-animation=\"none\" data-full-width=\"true\" class=\"nectar-slider-wrap \" id=\"nectar-slider-instance-1\"><div class=\"swiper-container\"  data-tho=\"auto\" data-tco=\"auto\" data-pho=\"auto\" data-pco=\"auto\" data-loop=\"false\" data-height=\"650\" data-min-height=\"\" data-arrows=\"false\" data-bullets=\"false\" data-bullet_style=\"see_through\" data-bullet_position=\"bottom\" data-desktop-swipe=\"false\" data-settings=\"\"> <div class=\"swiper-wrapper\"><div class=\"swiper-slide\" data-desktop-content-width=\"auto\" data-tablet-content-width=\"auto\" data-bg-alignment=\"center\" data-color-scheme=\"light\" data-x-pos=\"centered\" data-y-pos=\"bottom\" ><div class=\"slide-bg-wrap\"><div class=\"image-bg\" style=\"background-image: url(https:\/\/www.dellacasa.net\/wp-content\/uploads\/2023\/09\/header_certificazioni_2023.webp);\"> &nbsp; <\/div><\/div><div class=\"container\">\r\n\t\t\t\t\t\t<div class=\"content\"><h2>SICHERHEIT IST DAS OBERSTE PRINZIP.<\/h2><p  ><span>Das Einhalten der geltenden Richtlinien ist alternativlos. Es ist ein Muss.<\/span><\/p><\/div>\r\n\t\t\t\t\t\t\t\t<\/div><!--\/container--><div class=\"video-texture \"> <span class=\"ie-fix\"><\/span> <\/div><\/div> <!--\/swiper-slide--><\/div><div class=\"nectar-slider-loading \"> <span class=\"loading-icon none\">   <\/span> <\/div> <\/div> \r\n\t\t\t\t\t\r\n\t\t\t\t\t<\/div>[\/vc_column][\/vc_row][vc_row type=&#8220;full_width_background&#8220; full_screen_row_position=&#8220;middle&#8220; column_margin=&#8220;default&#8220; column_direction=&#8220;default&#8220; column_direction_tablet=&#8220;default&#8220; column_direction_phone=&#8220;default&#8220; scene_position=&#8220;center&#8220; text_color=&#8220;dark&#8220; text_align=&#8220;left&#8220; row_border_radius=&#8220;none&#8220; row_border_radius_applies=&#8220;bg&#8220; overlay_strength=&#8220;0.3&#8243; gradient_direction=&#8220;left_to_right&#8220; shape_divider_position=&#8220;bottom&#8220; bg_image_animation=&#8220;none&#8220; shape_type=&#8220;&#8220;][vc_column column_padding=&#8220;no-extra-padding&#8220; column_padding_tablet=&#8220;inherit&#8220; column_padding_phone=&#8220;inherit&#8220; column_padding_position=&#8220;all&#8220; background_color_opacity=&#8220;1&#8243; background_hover_color_opacity=&#8220;1&#8243; column_shadow=&#8220;none&#8220; column_border_radius=&#8220;none&#8220; column_link_target=&#8220;_self&#8220; gradient_direction=&#8220;left_to_right&#8220; overlay_strength=&#8220;0.3&#8243; width=&#8220;1\/1&#8243; tablet_width_inherit=&#8220;default&#8220; tablet_text_alignment=&#8220;default&#8220; phone_text_alignment=&#8220;default&#8220; column_border_width=&#8220;none&#8220; column_border_style=&#8220;solid&#8220; bg_image_animation=&#8220;none&#8220;][vc_column_text css=&#8220;.vc_custom_1693840931192{padding-top: 80px !important;padding-bottom: 80px !important;}&#8220;]\n<p style=\"text-align: center;\">Seit jeher unsere oberste Pr\u00e4misse: Ein hoher Qualit\u00e4tsstandard bei der Produktion der Umz\u00e4unung nach dem Baukastenprinzip als Garantie f\u00fcr die h\u00f6chsten Sicherheitsstandards.<br \/>\nUnser unerm\u00fcdlicher Einsatz zu diesem Zweck hat Della Casa Reti das Zertifikat ISO-9001:2015 f\u00fcr sein Qualit\u00e4tssystem beschert, das von T\u00dcV Italia ausgestellt wurde.<\/p>\n<p class=\"testo-inevidenza\" style=\"text-align: center;\">Das gesamte Spektrum der Schutzumz\u00e4unungen EASYBARRIER hat von T\u00dcV Italy, der dedizierten Pr\u00fcfstelle in diesem Bereich, das Produktzertifikat erhalten.<\/p>\n[\/vc_column_text][\/vc_column][\/vc_row][vc_row type=&#8220;in_container&#8220; full_screen_row_position=&#8220;middle&#8220; column_margin=&#8220;default&#8220; column_direction=&#8220;default&#8220; column_direction_tablet=&#8220;default&#8220; column_direction_phone=&#8220;default&#8220; scene_position=&#8220;center&#8220; bottom_padding=&#8220;64&#8243; text_color=&#8220;dark&#8220; text_align=&#8220;left&#8220; row_border_radius=&#8220;none&#8220; row_border_radius_applies=&#8220;bg&#8220; overlay_strength=&#8220;0.3&#8243; gradient_direction=&#8220;left_to_right&#8220; shape_divider_position=&#8220;bottom&#8220; bg_image_animation=&#8220;none&#8220; shape_type=&#8220;&#8220;][vc_column column_padding=&#8220;no-extra-padding&#8220; column_padding_tablet=&#8220;inherit&#8220; column_padding_phone=&#8220;inherit&#8220; column_padding_position=&#8220;all&#8220; background_color_opacity=&#8220;1&#8243; background_hover_color_opacity=&#8220;1&#8243; column_shadow=&#8220;none&#8220; column_border_radius=&#8220;none&#8220; column_link_target=&#8220;_self&#8220; gradient_direction=&#8220;left_to_right&#8220; overlay_strength=&#8220;0.3&#8243; width=&#8220;1\/2&#8243; tablet_width_inherit=&#8220;default&#8220; tablet_text_alignment=&#8220;default&#8220; phone_text_alignment=&#8220;default&#8220; column_border_width=&#8220;none&#8220; column_border_style=&#8220;solid&#8220; bg_image_animation=&#8220;none&#8220;][image_with_animation image_url=&#8220;4508&#8243; animation=&#8220;Fade In&#8220; hover_animation=&#8220;none&#8220; alignment=&#8220;right&#8220; img_link_target=&#8220;_blank&#8220; border_radius=&#8220;none&#8220; box_shadow=&#8220;none&#8220; image_loading=&#8220;default&#8220; max_width=&#8220;none&#8220; max_width_mobile=&#8220;default&#8220; el_class=&#8220;border-img&#8220; img_link=&#8220;https:\/\/www.dellacasa.net\/wp-content\/uploads\/2023\/09\/CERTIFICATO-UNI-EN-ISO-9001-2015.pdf&#8220;][\/vc_column][vc_column column_padding=&#8220;no-extra-padding&#8220; column_padding_tablet=&#8220;inherit&#8220; column_padding_phone=&#8220;inherit&#8220; column_padding_position=&#8220;all&#8220; background_color_opacity=&#8220;1&#8243; background_hover_color_opacity=&#8220;1&#8243; column_shadow=&#8220;none&#8220; column_border_radius=&#8220;none&#8220; column_link_target=&#8220;_self&#8220; gradient_direction=&#8220;left_to_right&#8220; overlay_strength=&#8220;0.3&#8243; width=&#8220;1\/2&#8243; tablet_width_inherit=&#8220;default&#8220; tablet_text_alignment=&#8220;default&#8220; phone_text_alignment=&#8220;default&#8220; column_border_width=&#8220;none&#8220; column_border_style=&#8220;solid&#8220; bg_image_animation=&#8220;none&#8220;][image_with_animation image_url=&#8220;4514&#8243; animation=&#8220;Fade In&#8220; hover_animation=&#8220;none&#8220; alignment=&#8220;&#8220; img_link_target=&#8220;_blank&#8220; border_radius=&#8220;none&#8220; box_shadow=&#8220;none&#8220; image_loading=&#8220;default&#8220; max_width=&#8220;none&#8220; max_width_mobile=&#8220;default&#8220; el_class=&#8220;border-img&#8220; img_link=&#8220;https:\/\/www.dellacasa.net\/wp-content\/uploads\/2023\/09\/Declaration-of-Compliance-14120.pdf&#8220;][\/vc_column][\/vc_row]\n","protected":false},"excerpt":{"rendered":"<p>[vc_row type=&#8220;full_width_background&#8220; full_screen_row_position=&#8220;middle&#8220; column_margin=&#8220;default&#8220; column_direction=&#8220;default&#8220; column_direction_tablet=&#8220;default&#8220; column_direction_phone=&#8220;default&#8220; scene_position=&#8220;center&#8220; text_color=&#8220;dark&#8220; text_align=&#8220;left&#8220; row_border_radius=&#8220;none&#8220; row_border_radius_applies=&#8220;bg&#8220; overlay_strength=&#8220;0.3&#8243; gradient_direction=&#8220;left_to_right&#8220; shape_divider_position=&#8220;bottom&#8220; bg_image_animation=&#8220;none&#8220; shape_type=&#8220;&#8220;][vc_column column_padding=&#8220;no-extra-padding&#8220; column_padding_tablet=&#8220;inherit&#8220; column_padding_phone=&#8220;inherit&#8220; column_padding_position=&#8220;all&#8220; background_color_opacity=&#8220;1&#8243; background_hover_color_opacity=&#8220;1&#8243; column_shadow=&#8220;none&#8220; column_border_radius=&#8220;none&#8220; column_link_target=&#8220;_self&#8220; gradient_direction=&#8220;left_to_right&#8220; overlay_strength=&#8220;0.3&#8243; width=&#8220;1\/1&#8243; tablet_width_inherit=&#8220;default&#8220;&#8230;<\/p>\n","protected":false},"author":1,"featured_media":0,"parent":0,"menu_order":0,"comment_status":"closed","ping_status":"closed","template":"","meta":{"footnotes":""},"class_list":["post-2103","page","type-page","status-publish"],"yoast_head":"<!-- This site is optimized with the Yoast SEO Premium plugin v19.5 (Yoast SEO v27.3) - https:\/\/yoast.com\/product\/yoast-seo-premium-wordpress\/ -->\n<title>Zertifikate - Della Casa Reti<\/title>\n<meta name=\"robots\" content=\"index, follow, max-snippet:-1, max-image-preview:large, max-video-preview:-1\" \/>\n<link rel=\"canonical\" href=\"https:\/\/www.dellacasa.net\/de\/zertifikate\/\" \/>\n<meta property=\"og:locale\" content=\"de_DE\" \/>\n<meta property=\"og:type\" content=\"article\" \/>\n<meta property=\"og:title\" content=\"Zertifikate\" \/>\n<meta property=\"og:description\" content=\"Seit jeher unsere oberste Pr\u00e4misse: Ein hoher Qualit\u00e4tsstandard bei der Produktion der Umz\u00e4unung nach dem Baukastenprinzip als Garantie f\u00fcr die h\u00f6chsten\" \/>\n<meta property=\"og:url\" content=\"https:\/\/www.dellacasa.net\/de\/zertifikate\/\" \/>\n<meta property=\"og:site_name\" content=\"Della Casa Reti\" \/>\n<meta property=\"article:modified_time\" content=\"2023-09-04T15:22:39+00:00\" \/>\n<meta name=\"twitter:card\" content=\"summary_large_image\" \/>\n<meta name=\"twitter:label1\" content=\"Gesch\u00e4tzte Lesezeit\" \/>\n\t<meta name=\"twitter:data1\" content=\"3\u00a0Minuten\" \/>\n<script type=\"application\/ld+json\" class=\"yoast-schema-graph\">{\"@context\":\"https:\\\/\\\/schema.org\",\"@graph\":[{\"@type\":\"WebPage\",\"@id\":\"https:\\\/\\\/www.dellacasa.net\\\/de\\\/zertifikate\\\/\",\"url\":\"https:\\\/\\\/www.dellacasa.net\\\/de\\\/zertifikate\\\/\",\"name\":\"Zertifikate - Della Casa Reti\",\"isPartOf\":{\"@id\":\"https:\\\/\\\/www.dellacasa.net\\\/de\\\/#website\"},\"datePublished\":\"2020-02-27T15:23:34+00:00\",\"dateModified\":\"2023-09-04T15:22:39+00:00\",\"breadcrumb\":{\"@id\":\"https:\\\/\\\/www.dellacasa.net\\\/de\\\/zertifikate\\\/#breadcrumb\"},\"inLanguage\":\"de\",\"potentialAction\":[{\"@type\":\"ReadAction\",\"target\":[\"https:\\\/\\\/www.dellacasa.net\\\/de\\\/zertifikate\\\/\"]}]},{\"@type\":\"BreadcrumbList\",\"@id\":\"https:\\\/\\\/www.dellacasa.net\\\/de\\\/zertifikate\\\/#breadcrumb\",\"itemListElement\":[{\"@type\":\"ListItem\",\"position\":1,\"name\":\"Home\",\"item\":\"https:\\\/\\\/www.dellacasa.net\\\/de\\\/\"},{\"@type\":\"ListItem\",\"position\":2,\"name\":\"Zertifikate\"}]},{\"@type\":\"WebSite\",\"@id\":\"https:\\\/\\\/www.dellacasa.net\\\/de\\\/#website\",\"url\":\"https:\\\/\\\/www.dellacasa.net\\\/de\\\/\",\"name\":\"Della Casa Reti\",\"description\":\"Recinzioni di sicurezza e protezioni perimetrali in rete metallica\",\"publisher\":{\"@id\":\"https:\\\/\\\/www.dellacasa.net\\\/de\\\/#organization\"},\"potentialAction\":[{\"@type\":\"SearchAction\",\"target\":{\"@type\":\"EntryPoint\",\"urlTemplate\":\"https:\\\/\\\/www.dellacasa.net\\\/de\\\/?s={search_term_string}\"},\"query-input\":{\"@type\":\"PropertyValueSpecification\",\"valueRequired\":true,\"valueName\":\"search_term_string\"}}],\"inLanguage\":\"de\"},{\"@type\":\"Organization\",\"@id\":\"https:\\\/\\\/www.dellacasa.net\\\/de\\\/#organization\",\"name\":\"Della Casa Reti\",\"url\":\"https:\\\/\\\/www.dellacasa.net\\\/de\\\/\",\"logo\":{\"@type\":\"ImageObject\",\"inLanguage\":\"de\",\"@id\":\"https:\\\/\\\/www.dellacasa.net\\\/de\\\/#\\\/schema\\\/logo\\\/image\\\/\",\"url\":\"https:\\\/\\\/www.dellacasa.net\\\/wp-content\\\/uploads\\\/2020\\\/05\\\/logo-della-casa-reti.png\",\"contentUrl\":\"https:\\\/\\\/www.dellacasa.net\\\/wp-content\\\/uploads\\\/2020\\\/05\\\/logo-della-casa-reti.png\",\"width\":245,\"height\":115,\"caption\":\"Della Casa Reti\"},\"image\":{\"@id\":\"https:\\\/\\\/www.dellacasa.net\\\/de\\\/#\\\/schema\\\/logo\\\/image\\\/\"}}]}<\/script>\n<!-- \/ Yoast SEO Premium plugin. -->","yoast_head_json":{"title":"Zertifikate - Della Casa Reti","robots":{"index":"index","follow":"follow","max-snippet":"max-snippet:-1","max-image-preview":"max-image-preview:large","max-video-preview":"max-video-preview:-1"},"canonical":"https:\/\/www.dellacasa.net\/de\/zertifikate\/","og_locale":"de_DE","og_type":"article","og_title":"Zertifikate","og_description":"Seit jeher unsere oberste Pr\u00e4misse: Ein hoher Qualit\u00e4tsstandard bei der Produktion der Umz\u00e4unung nach dem Baukastenprinzip als Garantie f\u00fcr die h\u00f6chsten","og_url":"https:\/\/www.dellacasa.net\/de\/zertifikate\/","og_site_name":"Della Casa Reti","article_modified_time":"2023-09-04T15:22:39+00:00","twitter_card":"summary_large_image","twitter_misc":{"Gesch\u00e4tzte Lesezeit":"3\u00a0Minuten"},"schema":{"@context":"https:\/\/schema.org","@graph":[{"@type":"WebPage","@id":"https:\/\/www.dellacasa.net\/de\/zertifikate\/","url":"https:\/\/www.dellacasa.net\/de\/zertifikate\/","name":"Zertifikate - Della Casa Reti","isPartOf":{"@id":"https:\/\/www.dellacasa.net\/de\/#website"},"datePublished":"2020-02-27T15:23:34+00:00","dateModified":"2023-09-04T15:22:39+00:00","breadcrumb":{"@id":"https:\/\/www.dellacasa.net\/de\/zertifikate\/#breadcrumb"},"inLanguage":"de","potentialAction":[{"@type":"ReadAction","target":["https:\/\/www.dellacasa.net\/de\/zertifikate\/"]}]},{"@type":"BreadcrumbList","@id":"https:\/\/www.dellacasa.net\/de\/zertifikate\/#breadcrumb","itemListElement":[{"@type":"ListItem","position":1,"name":"Home","item":"https:\/\/www.dellacasa.net\/de\/"},{"@type":"ListItem","position":2,"name":"Zertifikate"}]},{"@type":"WebSite","@id":"https:\/\/www.dellacasa.net\/de\/#website","url":"https:\/\/www.dellacasa.net\/de\/","name":"Della Casa Reti","description":"Recinzioni di sicurezza e protezioni perimetrali in rete metallica","publisher":{"@id":"https:\/\/www.dellacasa.net\/de\/#organization"},"potentialAction":[{"@type":"SearchAction","target":{"@type":"EntryPoint","urlTemplate":"https:\/\/www.dellacasa.net\/de\/?s={search_term_string}"},"query-input":{"@type":"PropertyValueSpecification","valueRequired":true,"valueName":"search_term_string"}}],"inLanguage":"de"},{"@type":"Organization","@id":"https:\/\/www.dellacasa.net\/de\/#organization","name":"Della Casa Reti","url":"https:\/\/www.dellacasa.net\/de\/","logo":{"@type":"ImageObject","inLanguage":"de","@id":"https:\/\/www.dellacasa.net\/de\/#\/schema\/logo\/image\/","url":"https:\/\/www.dellacasa.net\/wp-content\/uploads\/2020\/05\/logo-della-casa-reti.png","contentUrl":"https:\/\/www.dellacasa.net\/wp-content\/uploads\/2020\/05\/logo-della-casa-reti.png","width":245,"height":115,"caption":"Della Casa Reti"},"image":{"@id":"https:\/\/www.dellacasa.net\/de\/#\/schema\/logo\/image\/"}}]}},"_links":{"self":[{"href":"https:\/\/www.dellacasa.net\/de\/wp-json\/wp\/v2\/pages\/2103","targetHints":{"allow":["GET"]}}],"collection":[{"href":"https:\/\/www.dellacasa.net\/de\/wp-json\/wp\/v2\/pages"}],"about":[{"href":"https:\/\/www.dellacasa.net\/de\/wp-json\/wp\/v2\/types\/page"}],"author":[{"embeddable":true,"href":"https:\/\/www.dellacasa.net\/de\/wp-json\/wp\/v2\/users\/1"}],"replies":[{"embeddable":true,"href":"https:\/\/www.dellacasa.net\/de\/wp-json\/wp\/v2\/comments?post=2103"}],"version-history":[{"count":2,"href":"https:\/\/www.dellacasa.net\/de\/wp-json\/wp\/v2\/pages\/2103\/revisions"}],"predecessor-version":[{"id":4646,"href":"https:\/\/www.dellacasa.net\/de\/wp-json\/wp\/v2\/pages\/2103\/revisions\/4646"}],"wp:attachment":[{"href":"https:\/\/www.dellacasa.net\/de\/wp-json\/wp\/v2\/media?parent=2103"}],"curies":[{"name":"wp","href":"https:\/\/api.w.org\/{rel}","templated":true}]}}